{"id":228,"date":"2024-02-16T12:16:27","date_gmt":"2024-02-16T11:16:27","guid":{"rendered":"http:\/\/desarrollo.abaco-digital.com\/artieda\/?page_id=228"},"modified":"2024-06-04T19:26:39","modified_gmt":"2024-06-04T17:26:39","slug":"inicio-de-las-investigaciones","status":"publish","type":"page","link":"https:\/\/unizar.digher.es\/artieda\/el-forau-de-la-tuta\/inicio-de-las-investigaciones\/","title":{"rendered":"Inicio de las investigaciones"},"content":{"rendered":"\n<h2 class=\"wp-block-heading\">Ubicaci\u00f3n estrat\u00e9gica<\/h2>\n\n\n\n<div class=\"wp-block-columns is-layout-flex wp-container-core-columns-layout-1 wp-block-columns-is-layout-flex\" style=\"padding-right:0;padding-left:0\">\n<div class=\"wp-block-column is-vertically-aligned-center is-layout-flow wp-block-column-is-layout-flow\">\n<div class=\"wp-block-group has-global-padding is-layout-constrained wp-block-group-is-layout-constrained\">\n<p>Situado a 1,5 kil\u00f3metros al noroeste de Artieda, el yacimiento arqueol\u00f3gico ocupa una parcela agr\u00edcola llana en el borde del escarpe sobre la vega izquierda del r\u00edo Arag\u00f3n. El campo, de planta oblonga y cultivado hasta hace poco con cereales por Sebasti\u00e1n Igu\u00e1cel, tiene una superficie total aproximada de 4 hect\u00e1reas. El yacimiento est\u00e1 delimitado por dos barrancos profundos, situados al este y al oeste del campo, y el borde norte est\u00e1 definido por un escarpe de entre 20 m y 30 m sobre la vega del r\u00edo Arag\u00f3n. Un foso artificial cierra el lado sureste del yacimiento arqueol\u00f3gico cerca de la ermita de San Pedro, separando El Forau de la Tuta de la zona agr\u00edcola adyacente denominada \u00abCaseta del Royo\u00bb.<\/p>\n\n\n\n<p>La estrecha relaci\u00f3n del yacimiento con la calzada que discurr\u00eda en la Antig\u00fcedad y la Edad Media por la margen izquierda del r\u00edo Arag\u00f3n es indiscutible. En \u00e9poca romana corresponde al tramo de la calzada que un\u00eda, de este a oeste, las civitates de lacca (Jaca) y Pompaelo (Pamplona). Este segmento de la calzada sobrevivi\u00f3 en la Edad Media como una de las partes del Camino Franc\u00e9s o Ruta de Tolosa del Camino de Santiago de Compostela, y actualmente se conoce como Camino Real de Ruesta a Mianos<\/p>\n<\/div>\n<\/div>\n\n\n\n<div class=\"wp-block-column is-vertically-aligned-center is-layout-flow wp-block-column-is-layout-flow\">\n<figure class=\"wp-block-image size-large rightImg\"><img loading=\"lazy\" decoding=\"async\" width=\"1024\" height=\"1024\" src=\"https:\/\/unizar.digher.es\/artieda\/el-forau-de-la-tuta\/wp-content\/uploads\/2024\/02\/Panel-1-1024x1024.jpg\" alt=\"\" class=\"wp-image-232\" srcset=\"https:\/\/unizar.digher.es\/artieda\/el-forau-de-la-tuta\/wp-content\/uploads\/2024\/02\/Panel-1-1024x1024.jpg 1024w, https:\/\/unizar.digher.es\/artieda\/el-forau-de-la-tuta\/wp-content\/uploads\/2024\/02\/Panel-1-300x300.jpg 300w, https:\/\/unizar.digher.es\/artieda\/el-forau-de-la-tuta\/wp-content\/uploads\/2024\/02\/Panel-1-150x150.jpg 150w, https:\/\/unizar.digher.es\/artieda\/el-forau-de-la-tuta\/wp-content\/uploads\/2024\/02\/Panel-1-2000x2000.jpg 2000w\" sizes=\"(max-width: 1024px) 100vw, 1024px\" \/><\/figure>\n<\/div>\n<\/div>\n\n\n\n<p>Autores cl\u00e1sicos como Estrab\u00f3n (II, 4, 10), Plinio (N. H., III, 3, 29) o Ptolomeo (II, 6, 3-9) dan testimonio de ciudades, mansiones y asentamientos romanos (muchos de ellos a\u00fan no identificados), situados en el Prepirineo. Algunas de ellas fueron identificadas hace tiempo: Andelos (Andi\u00f3n), Calagurris (Calahorra), Cara (Santacara), Cascantum (Cascante), Gracchuris (Alfaro), lacca (Jaca), Iturissa (Espinal, Burguete, Navarra), Oiasso (Ir\u00fan) y Pompaelo (Pamplona). Junto a estas certezas, existen dos inc\u00f3gnitas en este territorio: en primer lugar, la existencia de yacimientos cuya monumentalidad demuestra que fueron importantes lugares urbanos pero cuyos nombres antiguos desconocemos, es el caso de Santa Criz (Eslava, Navarra), Lumbier (Navarra) , Cabezo Ladrero (Sofuentes, Zaragoza),Campo Real-Fillera (Sos del Rey Cat\u00f3lico-Sang\u00fcesa) y tambi\u00e9n ahora El Forau de la Tuta. En segundo lugar, tenemos el caso contrario, ciudades citadas por diversas fuentes cl\u00e1sicas cuya localizaci\u00f3n exacta es desconocida, por ejemplo, Curnonium, Iluberi, Nemanturista, Tarraca,Ergaui(k)a, Muskaria y Araceli. Es importante recordar que hasta que no aparezca un ep\u00edgrafe que confirme el nombre de la ciudad, todas las propuestas entran en el campo de la hip\u00f3tesis.<\/p>\n\n\n\n<h2 class=\"wp-block-heading\">Enrique Osset Moreno <span class=\"subtitleInfo\">(Toledo 23 de abril 1928, Jaca 21 de enero 1971)<\/span><\/h2>\n\n\n\n<p>Los primeros testimonios sobre la existencia de este yacimiento proceden del cl\u00e9rigo J.Traggia, recogidos en la Voz de las Termas dentro del informe <em>Aparato de la historia eclesi\u00e1stica de Arag\u00f3n<\/em>, T. II, 1791, 224-225 y, m\u00e1s detalladamente, los informes del sacerdote Mateo Suman que, en 1802, en sus <em>Apuntes para el diccionario geogr\u00e1fico del reino de Arag\u00f3n<\/em>. Comarca de Cinco Villas, seg\u00fan el ms. 9-5723 de la RAH [J802], (J. Salvo Salanova y A. Capalvo, eds. [2015]), da fe de la presencia de varios vestigios en este lugar.<\/p>\n\n\n\n<p>Sin embargo, el inicio de las investigaciones en profundidad se debe al Comandante del Cuerpo de Infanter\u00eda, el manchego Enrique Osset Moreno, que lleg\u00f3 a Jaca en 1953. All\u00ed se cas\u00f3 con Marisa Vicente y form\u00f3 una familia sinti\u00e9ndose plenamente integrado en Jaca hasta su prematura muerte a los 42 a\u00f1os. Especialmente en verano, el v\u00ednculo entre la familia y este territorio se reforzaba. Fue en el verano de 1963 cuando los nombres de Artieda y Osset quedaron definitivamente unidos, gracias al descubrimiento de lo que hoy conocemos como villa romana de Rienda, cuyos vestigios, principalmente un mosaico policromado, hab\u00edan sido exhumados fortuitamente unos meses antes, por el tractor de Francisco Igu\u00e1cel. Enrique Osset tuvo el acierto de notificar el hallazgo a las autoridades competentes, que r\u00e1pidamente determinaron enviar al arque\u00f3logo Antonio Beltr\u00e1n. Juntos presentaron los descubrimientos en el VIII Congreso Nacional de Arqueolog\u00eda (Sevilla-M\u00e1laga, 1963) bajo el t\u00edtulo \u00abInforme sobre los hallazgos romanos en Artieda de Arag\u00f3n (Zaragoza)\u00bb, haci\u00e9ndose eco tambi\u00e9n de la noticia en diversos medios de comunicaci\u00f3n de la \u00e9poca. Su inter\u00e9s se extendi\u00f3 tambi\u00e9n a otros yacimientos del municipio de Artieda, como Campo del Royo o La Vi\u00f1a del Sastre. Especialmente importante fue la documentaci\u00f3n de restos en lo que ya intu\u00eda era un yacimiento arqueol\u00f3gico, hoy conocido como el yacimiento de El Forau de la Tuta.<\/p>\n\n\n\n<p>Este inestimable trabajo fue convenientemente publicado en diversos estudios, tales como \u00abHallazgos arqueol\u00f3gicos en Artieda de Arag\u00f3n\u00bb, <em>AEspA<\/em> 38, 1965, p. 97-105; \u00abLa villa romana de Rienda, en Artieda de Arag\u00f3n (Zaragoza)\u00bb, <em>AEspA<\/em> 40, 1967, p. 120-129, pero m\u00e1s valiosa es, si cabe, la documentaci\u00f3n generada por Enrique Osset tras varios a\u00f1os de minucioso trabajo, documentaci\u00f3n que ha sido cuidadosamente custodiada por la familia Osset sin la cual no habr\u00edan sido posibles las presentes investigaciones. Un homenaje a su figura y sus investigaciones fue publicado por Jos\u00e9 Luis Ona Gonz\u00e1lez en 2011. Importantes para la investigaci\u00f3n actual son las prospecciones arqueol\u00f3gicas y la delimitaci\u00f3n de yacimientos en Artieda, realizadas en 2009 por J. Delgado y J.R. Mart\u00ednez, recogidas en un informe entregado al Departamento de Educaci\u00f3n, Cultura y Deporte del Gobierno de Arag\u00f3n.<\/p>\n\n\n\n<h2 class=\"wp-block-heading\">Agradecimientos<\/h2>\n\n\n\n<p>La investigaci\u00f3n llevada a cabo en el yacimiento de El Forau de la Tuta no hubiera sido posible sin el apoyo del Ayuntamiento de Artieda y de todos los vecinos del municipio. Agradecemos a Sebasti\u00e1n lgu\u00e1cel, Carlos lgu\u00e1cel (padre e hijo), y Guillermo Soteras por su enorme generosidad, que nos permite disfrutar de este extraordinario patrimonio arqueol\u00f3gico.<\/p>\n\n\n\n<div class=\"wp-block-group alignfull has-global-padding is-layout-constrained wp-block-group-is-layout-constrained\" style=\"margin-top:var(--wp--preset--spacing--small);margin-bottom:0;padding-top:0;padding-right:0;padding-bottom:0;padding-left:0\">\n<figure class=\"wp-block-image alignfull size-large imgPie\"><img loading=\"lazy\" decoding=\"async\" width=\"1024\" height=\"240\" src=\"https:\/\/unizar.digher.es\/artieda\/el-forau-de-la-tuta\/wp-content\/uploads\/2024\/02\/Pie_Investigacion-1024x240.jpg\" alt=\"\" class=\"wp-image-172\" srcset=\"https:\/\/unizar.digher.es\/artieda\/el-forau-de-la-tuta\/wp-content\/uploads\/2024\/02\/Pie_Investigacion-1024x240.jpg 1024w, https:\/\/unizar.digher.es\/artieda\/el-forau-de-la-tuta\/wp-content\/uploads\/2024\/02\/Pie_Investigacion-300x70.jpg 300w, https:\/\/unizar.digher.es\/artieda\/el-forau-de-la-tuta\/wp-content\/uploads\/2024\/02\/Pie_Investigacion.jpg 1920w\" sizes=\"(max-width: 1024px) 100vw, 1024px\" \/><\/figure>\n<\/div>\n","protected":false},"excerpt":{"rendered":"<p>Ubicaci\u00f3n estrat\u00e9gica Situado a 1,5 kil\u00f3metros al noroeste de Artieda, el yacimiento arqueol\u00f3gico ocupa una parcela agr\u00edcola llana en el borde del escarpe sobre la vega izquierda del r\u00edo Arag\u00f3n. El campo, de planta oblonga y cultivado hasta hace poco con cereales por Sebasti\u00e1n Igu\u00e1cel, tiene una superficie total aproximada de 4 hect\u00e1reas. El yacimiento &hellip; <\/p>\n<p class=\"link-more\"><a href=\"https:\/\/unizar.digher.es\/artieda\/el-forau-de-la-tuta\/inicio-de-las-investigaciones\/\" class=\"more-link\">Leer m\u00e1s<span class=\"screen-reader-text\"> \u00abInicio de las investigaciones\u00bb<\/span><\/a><\/p>\n","protected":false},"author":1,"featured_media":160,"parent":0,"menu_order":0,"comment_status":"closed","ping_status":"closed","template":"","meta":{"footnotes":""},"_links":{"self":[{"href":"https:\/\/unizar.digher.es\/artieda\/el-forau-de-la-tuta\/wp-json\/wp\/v2\/pages\/228"}],"collection":[{"href":"https:\/\/unizar.digher.es\/artieda\/el-forau-de-la-tuta\/wp-json\/wp\/v2\/pages"}],"about":[{"href":"https:\/\/unizar.digher.es\/artieda\/el-forau-de-la-tuta\/wp-json\/wp\/v2\/types\/page"}],"author":[{"embeddable":true,"href":"https:\/\/unizar.digher.es\/artieda\/el-forau-de-la-tuta\/wp-json\/wp\/v2\/users\/1"}],"replies":[{"embeddable":true,"href":"https:\/\/unizar.digher.es\/artieda\/el-forau-de-la-tuta\/wp-json\/wp\/v2\/comments?post=228"}],"version-history":[{"count":10,"href":"https:\/\/unizar.digher.es\/artieda\/el-forau-de-la-tuta\/wp-json\/wp\/v2\/pages\/228\/revisions"}],"predecessor-version":[{"id":534,"href":"https:\/\/unizar.digher.es\/artieda\/el-forau-de-la-tuta\/wp-json\/wp\/v2\/pages\/228\/revisions\/534"}],"wp:featuredmedia":[{"embeddable":true,"href":"https:\/\/unizar.digher.es\/artieda\/el-forau-de-la-tuta\/wp-json\/wp\/v2\/media\/160"}],"wp:attachment":[{"href":"https:\/\/unizar.digher.es\/artieda\/el-forau-de-la-tuta\/wp-json\/wp\/v2\/media?parent=228"}],"curies":[{"name":"wp","href":"https:\/\/api.w.org\/{rel}","templated":true}]}}