{"id":276,"date":"2024-02-16T15:24:58","date_gmt":"2024-02-16T14:24:58","guid":{"rendered":"http:\/\/desarrollo.abaco-digital.com\/artieda\/?page_id=276"},"modified":"2024-06-05T13:36:34","modified_gmt":"2024-06-05T11:36:34","slug":"la-vida","status":"publish","type":"page","link":"https:\/\/unizar.digher.es\/artieda\/el-forau-de-la-tuta\/la-vida\/","title":{"rendered":"La vida"},"content":{"rendered":"\n<div class=\"wp-block-group has-global-padding is-layout-constrained wp-block-group-is-layout-constrained\" style=\"margin-bottom:0;padding-right:0;padding-bottom:0;padding-left:0\">\n<h2 class=\"wp-block-heading\">La vida cotidiana<\/h2>\n\n\n\n<p>A pesar de que es poco lo que sabemos por el momento acerca de los habitantes de la ciudad del Forau de la Tuta, podemos intentar hacernos una idea de c\u00f3mo ser\u00eda su vida cotidiana a partir de los escasos restos localizados, de los vestigios conocidos en asentamientos similares y de las noticias de las fuentes escritas.<\/p>\n\n\n\n<details class=\"wp-block-details is-layout-flow wp-block-details-is-layout-flow\" open><summary>SOCIEDAD<\/summary>\n<div class=\"wp-block-group has-global-padding is-layout-constrained wp-block-group-is-layout-constrained\" style=\"padding-right:var(--wp--preset--spacing--x-small);padding-left:var(--wp--preset--spacing--x-small)\">\n<p>La ciudad del Forau de la Tuta pudo fundarse en torno al cambio de era, en tiempos del reinado del emperador Augusto, como una comunidad peregrina perteneciente al Conventus Caesaragustanus, dentro de la provincia hispana Citerior. Es posible, sin embargo, que algunos de sus habitantes disfrutaran desde muy pronto de la ciudadan\u00eda romana. El derecho de la ciudadan\u00eda plena se fue extendiendo por este territorio a partir de finales del siglo I d.C., de modo que, en tiempos de los emperadores Flavios, esta comunidad se convertir\u00eda en municipio latino.<\/p>\n\n\n\n<div class=\"wp-block-columns is-layout-flex wp-container-core-columns-layout-1 wp-block-columns-is-layout-flex\">\n<div class=\"wp-block-column is-vertically-aligned-center is-layout-flow wp-block-column-is-layout-flow\" style=\"flex-basis:20%\">\n<figure data-wp-context=\"{ &quot;core&quot;:\n\t\t\t\t{ &quot;image&quot;:\n\t\t\t\t\t{   &quot;imageLoaded&quot;: false,\n\t\t\t\t\t\t&quot;initialized&quot;: false,\n\t\t\t\t\t\t&quot;lightboxEnabled&quot;: false,\n\t\t\t\t\t\t&quot;hideAnimationEnabled&quot;: false,\n\t\t\t\t\t\t&quot;preloadInitialized&quot;: false,\n\t\t\t\t\t\t&quot;lightboxAnimation&quot;: &quot;zoom&quot;,\n\t\t\t\t\t\t&quot;imageUploadedSrc&quot;: &quot;https:\/\/unizar.digher.es\/artieda\/el-forau-de-la-tuta\/wp-content\/uploads\/2024\/02\/Panel-4-1.jpg&quot;,\n\t\t\t\t\t\t&quot;imageCurrentSrc&quot;: &quot;&quot;,\n\t\t\t\t\t\t&quot;targetWidth&quot;: &quot;1060&quot;,\n\t\t\t\t\t\t&quot;targetHeight&quot;: &quot;1137&quot;,\n\t\t\t\t\t\t&quot;scaleAttr&quot;: &quot;&quot;,\n\t\t\t\t\t\t&quot;dialogLabel&quot;: &quot;Imagen ampliada&quot;\n\t\t\t\t\t}\n\t\t\t\t}\n\t\t\t}\" data-wp-interactive class=\"wp-block-image size-medium styledImg wp-lightbox-container\"><img loading=\"lazy\" decoding=\"async\" width=\"280\" height=\"300\" data-wp-effect--setStylesOnResize=\"effects.core.image.setStylesOnResize\" data-wp-effect=\"effects.core.image.setButtonStyles\" data-wp-init=\"effects.core.image.initOriginImage\" data-wp-on--click=\"actions.core.image.showLightbox\" data-wp-on--load=\"actions.core.image.handleLoad\" src=\"https:\/\/unizar.digher.es\/artieda\/el-forau-de-la-tuta\/wp-content\/uploads\/2024\/02\/Panel-4-1-280x300.jpg\" alt=\"\" class=\"wp-image-277\" srcset=\"https:\/\/unizar.digher.es\/artieda\/el-forau-de-la-tuta\/wp-content\/uploads\/2024\/02\/Panel-4-1-280x300.jpg 280w, https:\/\/unizar.digher.es\/artieda\/el-forau-de-la-tuta\/wp-content\/uploads\/2024\/02\/Panel-4-1-955x1024.jpg 955w, https:\/\/unizar.digher.es\/artieda\/el-forau-de-la-tuta\/wp-content\/uploads\/2024\/02\/Panel-4-1.jpg 1060w\" sizes=\"(max-width: 280px) 100vw, 280px\" \/><button\n\t\t\tclass=\"lightbox-trigger\"\n\t\t\ttype=\"button\"\n\t\t\taria-haspopup=\"dialog\"\n\t\t\taria-label=\"Ampliar la imagen\"\n\t\t\tdata-wp-on--click=\"actions.core.image.showLightbox\"\n\t\t\tdata-wp-style--right=\"context.core.image.imageButtonRight\"\n\t\t\tdata-wp-style--top=\"context.core.image.imageButtonTop\"\n\t\t>\n\t\t\t<svg xmlns=\"http:\/\/www.w3.org\/2000\/svg\" width=\"12\" height=\"12\" fill=\"none\" viewBox=\"0 0 12 12\">\n\t\t\t\t<path fill=\"#fff\" d=\"M2 0a2 2 0 0 0-2 2v2h1.5V2a.5.5 0 0 1 .5-.5h2V0H2Zm2 10.5H2a.5.5 0 0 1-.5-.5V8H0v2a2 2 0 0 0 2 2h2v-1.5ZM8 12v-1.5h2a.5.5 0 0 0 .5-.5V8H12v2a2 2 0 0 1-2 2H8Zm2-12a2 2 0 0 1 2 2v2h-1.5V2a.5.5 0 0 0-.5-.5H8V0h2Z\" \/>\n\t\t\t<\/svg>\n\t\t<\/button>        <div data-wp-body=\"\" class=\"wp-lightbox-overlay zoom\"\n            data-wp-bind--role=\"selectors.core.image.roleAttribute\"\n            data-wp-bind--aria-label=\"selectors.core.image.dialogLabel\"\n            data-wp-class--initialized=\"context.core.image.initialized\"\n            data-wp-class--active=\"context.core.image.lightboxEnabled\"\n            data-wp-class--hideAnimationEnabled=\"context.core.image.hideAnimationEnabled\"\n            data-wp-bind--aria-modal=\"selectors.core.image.ariaModal\"\n            data-wp-effect=\"effects.core.image.initLightbox\"\n            data-wp-on--keydown=\"actions.core.image.handleKeydown\"\n            data-wp-on--touchstart=\"actions.core.image.handleTouchStart\"\n            data-wp-on--touchmove=\"actions.core.image.handleTouchMove\"\n            data-wp-on--touchend=\"actions.core.image.handleTouchEnd\"\n            data-wp-on--click=\"actions.core.image.hideLightbox\"\n            tabindex=\"-1\"\n            >\n                <button type=\"button\" aria-label=\"Cerrar\" style=\"fill: #000\" class=\"close-button\" data-wp-on--click=\"actions.core.image.hideLightbox\">\n                    <svg xmlns=\"http:\/\/www.w3.org\/2000\/svg\" viewBox=\"0 0 24 24\" width=\"20\" height=\"20\" aria-hidden=\"true\" focusable=\"false\"><path d=\"M13 11.8l6.1-6.3-1-1-6.1 6.2-6.1-6.2-1 1 6.1 6.3-6.5 6.7 1 1 6.5-6.6 6.5 6.6 1-1z\"><\/path><\/svg>\n                <\/button>\n                <div class=\"lightbox-image-container\">\n<figure class=\"wp-block-image size-medium styledImg responsive-image\"><img decoding=\"async\" data-wp-bind--src=\"context.core.image.imageCurrentSrc\" data-wp-style--object-fit=\"selectors.core.image.lightboxObjectFit\" src=\"\" alt=\"\" class=\"wp-image-277\"\/><\/figure>\n<\/div>\n                <div class=\"lightbox-image-container\">\n<figure class=\"wp-block-image size-medium styledImg enlarged-image\"><img decoding=\"async\" data-wp-bind--src=\"selectors.core.image.enlargedImgSrc\" data-wp-style--object-fit=\"selectors.core.image.lightboxObjectFit\" src=\"\" alt=\"\" class=\"wp-image-277\"\/><\/figure>\n<\/div>\n                <div class=\"scrim\" style=\"background-color: #fff\" aria-hidden=\"true\"><\/div>\n        <\/div><\/figure>\n<\/div>\n\n\n\n<div class=\"wp-block-column is-vertically-aligned-center is-layout-flow wp-block-column-is-layout-flow\">\n<p>En principio, el grueso de la poblaci\u00f3n estar\u00eda formado por personas libres, en su mayor\u00eda peregrinos cuyos nombres eran a\u00fan ind\u00edgenas, surgidos del habla vasco-aquit\u00e1nica de la zona, tales como Ausagesius. La sociedad estar\u00eda, desde su origen, notablemente estratificada, con una aristocracia local terrateniente compuesta por un pu\u00f1ado de familias en la c\u00faspide de la pir\u00e1mide social. Estos notables se relacionaban entre s\u00ed por medio de lazos familiares, controlaban la riqueza y tambi\u00e9n las instituciones p\u00fablicas por medio del monopolio de las magistraturas, los sacerdocios c\u00edvicos y el senado local u ordo decurionum. Este grupo social recibi\u00f3 con relativa rapidez la ciudadan\u00eda romana. La familia de los Valerios fue una de las m\u00e1s importantes. El resto de la poblaci\u00f3n se divid\u00eda en peque\u00f1os propietarios y arrendatarios, artesanos, comerciantes y tenderos que fueron cambiando sus nombres locales por nombres en lat\u00edn como Firma o Fronto. En la base social se encontrar\u00edan los esclavos, dedicados normalmente a las labores m\u00e1s duras del campo, a las labores dom\u00e9sticas o de los talleres manufactureros.<\/p>\n<\/div>\n<\/div>\n\n\n\n<p>Te\u00f3ricamente, las mujeres estaban al margen de la vida p\u00fablica y de las actividades econ\u00f3micas. No pod\u00edan acceder a las magistraturas, a las asambleas y a la mayor parte de los sacerdocios. Igualmente estaban al margen de los negocios. Sin embargo, conocemos no pocos casos de f\u00e9minas que, sorteando estos impedimentos legales y constitucionales, desempe\u00f1aron destacados papeles en la econom\u00eda y la vida social de sus ciudades y probablemente tambi\u00e9n aqu\u00ed.<\/p>\n\n\n\n<p>Como es normal en las comunidades urbanas romanas, buena parte de los habitantes de la ciudad habitar\u00edan en peque\u00f1os asentamientos rurales de su territorio. A partir del siglo IV d.C. algunos de ellos se convirtieron en grandes villas palaciegas como la de Rienda, en Artieda. Sin embargo, las actividades comunitarias de tipo c\u00edvico, pol\u00edtico, religioso, econ\u00f3mico o l\u00fadico tendr\u00edan lugar en el centro urbano del Foro de la Tuta.<\/p>\n\n\n\n<p>En el foro, el coraz\u00f3n p\u00fablico por excelencia de la ciudad, todav\u00eda no localizado con precisi\u00f3n, se establecer\u00eda en los mercados temporales y se desarrollar\u00edan las ceremonias c\u00edvicas y religiosas tales como las elecciones a las magistraturas y sacerdocios, los debates y discursos pol\u00edticos, las sesiones del ordo decurionum, los actos administrativos, las compraventas, los espect\u00e1culos de todo tipo, los sacrificios religiosos o los banquetes y dem\u00e1s celebraciones comunitarias. Sin embargo, ser\u00eda el ba\u00f1o en las termas p\u00fablicas una de las actividades m\u00e1s populares y cotidianas entre los habitantes de la ciudad como en el resto de las ciudades del Imperio Romano.<\/p>\n<\/div>\n<\/details>\n\n\n\n<details class=\"wp-block-details is-layout-flow wp-block-details-is-layout-flow\" open><summary>ECONOM\u00cdA<\/summary>\n<div class=\"wp-block-group has-global-padding is-layout-constrained wp-block-group-is-layout-constrained\" style=\"padding-right:var(--wp--preset--spacing--x-small);padding-left:var(--wp--preset--spacing--x-small)\">\n<p>Las actividades econ\u00f3micas principales de los habitantes de esta ciudad fueron la agricultura y la ganader\u00eda. La fertilidad de los suelos rojos de las terrazas de ambas orillas del r\u00edo Arag\u00f3n es id\u00f3nea para la producci\u00f3n de cereales y otros cultivos de secano. Igualmente, la explotaci\u00f3n ganadera de las \u00e1reas no roturadas del entorno y de los prados de monta\u00f1a favorecer\u00eda su ejercicio.<\/p>\n\n\n\n<p>Se sumar\u00edan, por supuesto, las actividades vinculadas a la explotaci\u00f3n econ\u00f3mica del bosque y de los minerales de esta zona del Pirineo.<\/p>\n\n\n\n<div class=\"wp-block-columns is-layout-flex wp-container-core-columns-layout-2 wp-block-columns-is-layout-flex\" style=\"margin-top:var(--wp--preset--spacing--x-small);margin-bottom:var(--wp--preset--spacing--x-small)\">\n<div class=\"wp-block-column is-vertically-aligned-center is-layout-flow wp-block-column-is-layout-flow\" style=\"flex-basis:55%\">\n<p>La industria manufacturera se centr\u00f3 en la transformaci\u00f3n de las materias primas de origen vegetal para la producci\u00f3n de vino y harina, as\u00ed como de origen animal como la carne, las pieles, el hueso o la lana. La conservaci\u00f3n de piezas pertenecientes a actividades como la moltura del cereal en molinos giratorios de mano se\u00f1alan una producci\u00f3n dom\u00e9stica, mientras en otras ciudades hispanas esta actividad se realizaba en establecimientos de mayor tama\u00f1o y capacidad productiva.<\/p>\n\n\n\n<p>Como en toda ciudad romana, el comercio de intercambio de productos ser\u00eda otra de las actividades econ\u00f3micas principales. Este asentamiento urbano funcionar\u00eda como sede del mercado local y regional. Se intercambiar\u00edan la producci\u00f3n local agr\u00edcola y ganadera, as\u00ed como los bienes elaborados in situ.<\/p>\n<\/div>\n\n\n\n<div class=\"wp-block-column is-vertically-aligned-center is-layout-flow wp-block-column-is-layout-flow\">\n<figure data-wp-context=\"{ &quot;core&quot;:\n\t\t\t\t{ &quot;image&quot;:\n\t\t\t\t\t{   &quot;imageLoaded&quot;: false,\n\t\t\t\t\t\t&quot;initialized&quot;: false,\n\t\t\t\t\t\t&quot;lightboxEnabled&quot;: false,\n\t\t\t\t\t\t&quot;hideAnimationEnabled&quot;: false,\n\t\t\t\t\t\t&quot;preloadInitialized&quot;: false,\n\t\t\t\t\t\t&quot;lightboxAnimation&quot;: &quot;zoom&quot;,\n\t\t\t\t\t\t&quot;imageUploadedSrc&quot;: &quot;https:\/\/unizar.digher.es\/artieda\/el-forau-de-la-tuta\/wp-content\/uploads\/2024\/02\/Panel-4-5.jpg&quot;,\n\t\t\t\t\t\t&quot;imageCurrentSrc&quot;: &quot;&quot;,\n\t\t\t\t\t\t&quot;targetWidth&quot;: &quot;922&quot;,\n\t\t\t\t\t\t&quot;targetHeight&quot;: &quot;1149&quot;,\n\t\t\t\t\t\t&quot;scaleAttr&quot;: &quot;&quot;,\n\t\t\t\t\t\t&quot;dialogLabel&quot;: &quot;Imagen ampliada&quot;\n\t\t\t\t\t}\n\t\t\t\t}\n\t\t\t}\" data-wp-interactive class=\"wp-block-image size-medium styledImg wp-lightbox-container\"><img loading=\"lazy\" decoding=\"async\" width=\"241\" height=\"300\" data-wp-effect--setStylesOnResize=\"effects.core.image.setStylesOnResize\" data-wp-effect=\"effects.core.image.setButtonStyles\" data-wp-init=\"effects.core.image.initOriginImage\" data-wp-on--click=\"actions.core.image.showLightbox\" data-wp-on--load=\"actions.core.image.handleLoad\" src=\"https:\/\/unizar.digher.es\/artieda\/el-forau-de-la-tuta\/wp-content\/uploads\/2024\/02\/Panel-4-5-241x300.jpg\" alt=\"\" class=\"wp-image-278\" srcset=\"https:\/\/unizar.digher.es\/artieda\/el-forau-de-la-tuta\/wp-content\/uploads\/2024\/02\/Panel-4-5-241x300.jpg 241w, https:\/\/unizar.digher.es\/artieda\/el-forau-de-la-tuta\/wp-content\/uploads\/2024\/02\/Panel-4-5-822x1024.jpg 822w, https:\/\/unizar.digher.es\/artieda\/el-forau-de-la-tuta\/wp-content\/uploads\/2024\/02\/Panel-4-5.jpg 922w\" sizes=\"(max-width: 241px) 100vw, 241px\" \/><button\n\t\t\tclass=\"lightbox-trigger\"\n\t\t\ttype=\"button\"\n\t\t\taria-haspopup=\"dialog\"\n\t\t\taria-label=\"Ampliar la imagen\"\n\t\t\tdata-wp-on--click=\"actions.core.image.showLightbox\"\n\t\t\tdata-wp-style--right=\"context.core.image.imageButtonRight\"\n\t\t\tdata-wp-style--top=\"context.core.image.imageButtonTop\"\n\t\t>\n\t\t\t<svg xmlns=\"http:\/\/www.w3.org\/2000\/svg\" width=\"12\" height=\"12\" fill=\"none\" viewBox=\"0 0 12 12\">\n\t\t\t\t<path fill=\"#fff\" d=\"M2 0a2 2 0 0 0-2 2v2h1.5V2a.5.5 0 0 1 .5-.5h2V0H2Zm2 10.5H2a.5.5 0 0 1-.5-.5V8H0v2a2 2 0 0 0 2 2h2v-1.5ZM8 12v-1.5h2a.5.5 0 0 0 .5-.5V8H12v2a2 2 0 0 1-2 2H8Zm2-12a2 2 0 0 1 2 2v2h-1.5V2a.5.5 0 0 0-.5-.5H8V0h2Z\" \/>\n\t\t\t<\/svg>\n\t\t<\/button>        <div data-wp-body=\"\" class=\"wp-lightbox-overlay zoom\"\n            data-wp-bind--role=\"selectors.core.image.roleAttribute\"\n            data-wp-bind--aria-label=\"selectors.core.image.dialogLabel\"\n            data-wp-class--initialized=\"context.core.image.initialized\"\n            data-wp-class--active=\"context.core.image.lightboxEnabled\"\n            data-wp-class--hideAnimationEnabled=\"context.core.image.hideAnimationEnabled\"\n            data-wp-bind--aria-modal=\"selectors.core.image.ariaModal\"\n            data-wp-effect=\"effects.core.image.initLightbox\"\n            data-wp-on--keydown=\"actions.core.image.handleKeydown\"\n            data-wp-on--touchstart=\"actions.core.image.handleTouchStart\"\n            data-wp-on--touchmove=\"actions.core.image.handleTouchMove\"\n            data-wp-on--touchend=\"actions.core.image.handleTouchEnd\"\n            data-wp-on--click=\"actions.core.image.hideLightbox\"\n            tabindex=\"-1\"\n            >\n                <button type=\"button\" aria-label=\"Cerrar\" style=\"fill: #000\" class=\"close-button\" data-wp-on--click=\"actions.core.image.hideLightbox\">\n                    <svg xmlns=\"http:\/\/www.w3.org\/2000\/svg\" viewBox=\"0 0 24 24\" width=\"20\" height=\"20\" aria-hidden=\"true\" focusable=\"false\"><path d=\"M13 11.8l6.1-6.3-1-1-6.1 6.2-6.1-6.2-1 1 6.1 6.3-6.5 6.7 1 1 6.5-6.6 6.5 6.6 1-1z\"><\/path><\/svg>\n                <\/button>\n                <div class=\"lightbox-image-container\">\n<figure class=\"wp-block-image size-medium styledImg responsive-image\"><img decoding=\"async\" data-wp-bind--src=\"context.core.image.imageCurrentSrc\" data-wp-style--object-fit=\"selectors.core.image.lightboxObjectFit\" src=\"\" alt=\"\" class=\"wp-image-278\"\/><\/figure>\n<\/div>\n                <div class=\"lightbox-image-container\">\n<figure class=\"wp-block-image size-medium styledImg enlarged-image\"><img decoding=\"async\" data-wp-bind--src=\"selectors.core.image.enlargedImgSrc\" data-wp-style--object-fit=\"selectors.core.image.lightboxObjectFit\" src=\"\" alt=\"\" class=\"wp-image-278\"\/><\/figure>\n<\/div>\n                <div class=\"scrim\" style=\"background-color: #fff\" aria-hidden=\"true\"><\/div>\n        <\/div><\/figure>\n<\/div>\n<\/div>\n\n\n\n<p>A ello se sumar\u00edan aquellos importados de regiones pr\u00f3ximas y lejanas de este vasto imperio. En este sentido, los hallazgos arqueol\u00f3gicos demuestran que a lo largo de los siglos I y IV d.C. llegaron en abundancia a la ciudad productos del exterior, tanto de uso cotidiano como de lujo, vajillas de mesa del tipo terra sigillata o cer\u00e1mica de cocina procedentes del Valle del Ebro, de la Galia e incluso del norte de \u00c1frica. Para los productos de lujo, un ejemplo de importaci\u00f3n a larga distancia lo constituye el fragmento de una escultura monumental en m\u00e1rmol blanco de grano fino de Luni, en Carrara, norte de Italia. Su elevado coste y dificultad de transporte pone de manifiesto la gran eficacia de las redes de distribuci\u00f3n de bienes tanto por mar como por tierra. La calzada que discurr\u00eda a trav\u00e9s de la Canal de Berd\u00fan, actual Camino de Santiago, por la margen izquierda del Arag\u00f3n, pasando por las cercan\u00edas de la ciudad del Forau de la Tuta, impuls\u00f3 la recepci\u00f3n de objetos procedentes de tierras muy distantes.<\/p>\n<\/div>\n<\/details>\n<\/div>\n\n\n\n<details class=\"wp-block-details is-layout-flow wp-block-details-is-layout-flow\" style=\"margin-top:var(--wp--preset--spacing--x-small)\" open><summary>RELIGI\u00d3N<\/summary>\n<p style=\"padding-right:var(--wp--preset--spacing--x-small);padding-left:var(--wp--preset--spacing--x-small)\">Desde el punto de vista religioso, desconocemos si los habitantes de la ciudad de El Forau de la Tuta practicaban los cultos aut\u00f3ctonos de las divinidades vasconas (Abellio, Aherbelste, Erriapus, Elhe, Herauscorritze, Selatse, etc.), a menudo asimilados a dioses o semidioses del pante\u00f3n romano (Hercules Ilun Andos), que conocemos gracias a numerosas inscripciones procedentes principalmente de Navarra y de las zonas pirenaicas central y occidental de Francia. Sin embargo, es muy probable que los templos y los principales ritos religiosos de la ciudad estuvieran relacionados con el culto imperial en el contexto de la llamada \u00abreligi\u00f3n c\u00edvica\u00bb o comunitaria.<\/p>\n\n\n\n<p>Seguir leyendo sobre la <a href=\"https:\/\/unizar.digher.es\/artieda\/el-forau-de-la-tuta\/la-escritura\/\">escritura<\/a>.<\/p>\n<\/details>\n\n\n\n<div class=\"wp-block-group alignfull has-global-padding is-layout-constrained wp-block-group-is-layout-constrained\" style=\"margin-top:var(--wp--preset--spacing--small);margin-bottom:0;padding-top:0;padding-right:0;padding-bottom:0;padding-left:0\">\n<figure class=\"wp-block-image alignfull size-large imgPie\"><img loading=\"lazy\" decoding=\"async\" width=\"1024\" height=\"240\" src=\"https:\/\/unizar.digher.es\/artieda\/el-forau-de-la-tuta\/wp-content\/uploads\/2024\/02\/06_LaVidaA-1024x240.jpg\" alt=\"\" class=\"wp-image-474\" srcset=\"https:\/\/unizar.digher.es\/artieda\/el-forau-de-la-tuta\/wp-content\/uploads\/2024\/02\/06_LaVidaA-1024x240.jpg 1024w, https:\/\/unizar.digher.es\/artieda\/el-forau-de-la-tuta\/wp-content\/uploads\/2024\/02\/06_LaVidaA-300x70.jpg 300w, https:\/\/unizar.digher.es\/artieda\/el-forau-de-la-tuta\/wp-content\/uploads\/2024\/02\/06_LaVidaA.jpg 1920w\" sizes=\"(max-width: 1024px) 100vw, 1024px\" \/><\/figure>\n<\/div>\n","protected":false},"excerpt":{"rendered":"<p>La vida cotidiana A pesar de que es poco lo que sabemos por el momento acerca de los habitantes de la ciudad del Forau de la Tuta, podemos intentar hacernos una idea de c\u00f3mo ser\u00eda su vida cotidiana a partir de los escasos restos localizados, de los vestigios conocidos en asentamientos similares y de las &hellip; <\/p>\n<p class=\"link-more\"><a href=\"https:\/\/unizar.digher.es\/artieda\/el-forau-de-la-tuta\/la-vida\/\" class=\"more-link\">Leer m\u00e1s<span class=\"screen-reader-text\"> \u00abLa vida\u00bb<\/span><\/a><\/p>\n","protected":false},"author":1,"featured_media":474,"parent":0,"menu_order":0,"comment_status":"closed","ping_status":"closed","template":"","meta":{"footnotes":""},"_links":{"self":[{"href":"https:\/\/unizar.digher.es\/artieda\/el-forau-de-la-tuta\/wp-json\/wp\/v2\/pages\/276"}],"collection":[{"href":"https:\/\/unizar.digher.es\/artieda\/el-forau-de-la-tuta\/wp-json\/wp\/v2\/pages"}],"about":[{"href":"https:\/\/unizar.digher.es\/artieda\/el-forau-de-la-tuta\/wp-json\/wp\/v2\/types\/page"}],"author":[{"embeddable":true,"href":"https:\/\/unizar.digher.es\/artieda\/el-forau-de-la-tuta\/wp-json\/wp\/v2\/users\/1"}],"replies":[{"embeddable":true,"href":"https:\/\/unizar.digher.es\/artieda\/el-forau-de-la-tuta\/wp-json\/wp\/v2\/comments?post=276"}],"version-history":[{"count":9,"href":"https:\/\/unizar.digher.es\/artieda\/el-forau-de-la-tuta\/wp-json\/wp\/v2\/pages\/276\/revisions"}],"predecessor-version":[{"id":550,"href":"https:\/\/unizar.digher.es\/artieda\/el-forau-de-la-tuta\/wp-json\/wp\/v2\/pages\/276\/revisions\/550"}],"wp:featuredmedia":[{"embeddable":true,"href":"https:\/\/unizar.digher.es\/artieda\/el-forau-de-la-tuta\/wp-json\/wp\/v2\/media\/474"}],"wp:attachment":[{"href":"https:\/\/unizar.digher.es\/artieda\/el-forau-de-la-tuta\/wp-json\/wp\/v2\/media?parent=276"}],"curies":[{"name":"wp","href":"https:\/\/api.w.org\/{rel}","templated":true}]}}