{"id":352,"date":"2024-02-20T17:44:57","date_gmt":"2024-02-20T16:44:57","guid":{"rendered":"http:\/\/desarrollo.abaco-digital.com\/artieda\/?page_id=352"},"modified":"2024-02-23T10:16:14","modified_gmt":"2024-02-23T09:16:14","slug":"recursos-multilenguaje","status":"publish","type":"page","link":"https:\/\/unizar.digher.es\/artieda\/el-forau-de-la-tuta\/recursos-multilenguaje\/","title":{"rendered":"Recursos multilenguaje"},"content":{"rendered":"\n<div class=\"wp-block-columns is-layout-flex wp-container-core-columns-layout-1 wp-block-columns-is-layout-flex\">\n<div class=\"wp-block-column is-layout-flow wp-block-column-is-layout-flow\">\n<h2 class=\"wp-block-heading has-text-align-center\">ENGLISH<\/h2>\n\n\n\n<div class=\"wp-block-buttons is-vertical is-content-justification-center is-layout-flex wp-container-core-buttons-layout-1 wp-block-buttons-is-layout-flex\" style=\"margin-top:0;margin-bottom:var(--wp--preset--spacing--medium)\">\n<div class=\"wp-block-button is-style-outline\"><a class=\"wp-block-button__link wp-element-button\" href=\"https:\/\/unizar.digher.es\/artieda\/el-forau-de-la-tuta\/wp-content\/uploads\/2024\/02\/Artieda_1-EN.pdf\" target=\"_blank\" rel=\"noreferrer noopener\">START OF INVESTIGATIONS<\/a><\/div>\n\n\n\n<div class=\"wp-block-button is-style-outline\"><a class=\"wp-block-button__link wp-element-button\" href=\"https:\/\/unizar.digher.es\/artieda\/el-forau-de-la-tuta\/wp-content\/uploads\/2024\/02\/Artieda_2-EN.pdf\" target=\"_blank\" rel=\"noreferrer noopener\">THE APPLICATION OF GEOMATIC SCIENCES AT THE SERVICE OF ARCHAEOLOGICAL RESEARCH<\/a><\/div>\n\n\n\n<div class=\"wp-block-button is-style-outline\"><a class=\"wp-block-button__link wp-element-button\" href=\"https:\/\/unizar.digher.es\/artieda\/el-forau-de-la-tuta\/wp-content\/uploads\/2024\/02\/Artieda_3-EN.pdf\" target=\"_blank\" rel=\"noreferrer noopener\">URBAN PLANNING AND MONUMENTAL PUBLIC ARCHITECTURE<\/a><\/div>\n\n\n\n<div class=\"wp-block-button is-style-outline\"><a class=\"wp-block-button__link wp-element-button\" href=\"https:\/\/unizar.digher.es\/artieda\/el-forau-de-la-tuta\/wp-content\/uploads\/2024\/02\/Artieda_4-EN.pdf\" target=\"_blank\" rel=\"noreferrer noopener\">DAILY LIFE<\/a><\/div>\n\n\n\n<div class=\"wp-block-button is-style-outline\"><a class=\"wp-block-button__link wp-element-button\" href=\"https:\/\/unizar.digher.es\/artieda\/el-forau-de-la-tuta\/wp-content\/uploads\/2024\/02\/Artieda_5-EN.pdf\" target=\"_blank\" rel=\"noreferrer noopener\">CULTURE AND WRITING<\/a><\/div>\n\n\n\n<div class=\"wp-block-button is-style-outline\"><a class=\"wp-block-button__link wp-element-button\" href=\"https:\/\/unizar.digher.es\/artieda\/el-forau-de-la-tuta\/wp-content\/uploads\/2024\/02\/Artieda_6-EN.pdf\" target=\"_blank\" rel=\"noreferrer noopener\">MONUMENTAL ARCHITECTURE IN MARBLE<\/a><\/div>\n<\/div>\n<\/div>\n\n\n\n<div class=\"wp-block-column is-layout-flow wp-block-column-is-layout-flow\">\n<h2 class=\"wp-block-heading has-text-align-center\">FRAN\u00c7AIS<\/h2>\n\n\n\n<div class=\"wp-block-buttons is-vertical is-content-justification-center is-layout-flex wp-container-core-buttons-layout-2 wp-block-buttons-is-layout-flex\" style=\"margin-top:0;margin-bottom:var(--wp--preset--spacing--medium)\">\n<div class=\"wp-block-button is-style-outline\"><a class=\"wp-block-button__link wp-element-button\" href=\"https:\/\/unizar.digher.es\/artieda\/el-forau-de-la-tuta\/wp-content\/uploads\/2024\/02\/Artieda_1-FR.pdf\" target=\"_blank\" rel=\"noreferrer noopener\">D\u00c9BUT DES INVESTIGATIONS<\/a><\/div>\n\n\n\n<div class=\"wp-block-button is-style-outline\"><a class=\"wp-block-button__link wp-element-button\" href=\"https:\/\/unizar.digher.es\/artieda\/el-forau-de-la-tuta\/wp-content\/uploads\/2024\/02\/Artieda_2-FR.pdf\" target=\"_blank\" rel=\"noreferrer noopener\">L&#8217;APPLICATION DES SCIENCES G\u00c9OMATIQUES \u00c0 LA RECHERCHE ARCH\u00c9OLOGIQUE<\/a><\/div>\n\n\n\n<div class=\"wp-block-button is-style-outline\"><a class=\"wp-block-button__link wp-element-button\" href=\"https:\/\/unizar.digher.es\/artieda\/el-forau-de-la-tuta\/wp-content\/uploads\/2024\/02\/Artieda_3-FR.pdf\" target=\"_blank\" rel=\"noreferrer noopener\">URBANISME ET ARCHITECTURE PUBLIQUE MONUMENTALE<\/a><\/div>\n\n\n\n<div class=\"wp-block-button is-style-outline\"><a class=\"wp-block-button__link wp-element-button\" href=\"https:\/\/unizar.digher.es\/artieda\/el-forau-de-la-tuta\/wp-content\/uploads\/2024\/02\/Artieda_4-FR.pdf\" target=\"_blank\" rel=\"noreferrer noopener\">LA VIE QUOTIDIENNE<\/a><\/div>\n\n\n\n<div class=\"wp-block-button is-style-outline\"><a class=\"wp-block-button__link wp-element-button\" href=\"https:\/\/unizar.digher.es\/artieda\/el-forau-de-la-tuta\/wp-content\/uploads\/2024\/02\/Artieda_5-FR.pdf\" target=\"_blank\" rel=\"noreferrer noopener\">CULTURE ET \u00c9CRITURE<\/a><\/div>\n\n\n\n<div class=\"wp-block-button is-style-outline\"><a class=\"wp-block-button__link wp-element-button\" href=\"https:\/\/unizar.digher.es\/artieda\/el-forau-de-la-tuta\/wp-content\/uploads\/2024\/02\/Artieda_6-FR.pdf\" target=\"_blank\" rel=\"noreferrer noopener\">SCULPTURE MONUMENTALE EN MARBRE<\/a><\/div>\n<\/div>\n<\/div>\n\n\n\n<div class=\"wp-block-column is-layout-flow wp-block-column-is-layout-flow\">\n<h2 class=\"wp-block-heading has-text-align-center\">ARAGON\u00c9S<\/h2>\n\n\n\n<div class=\"wp-block-buttons is-vertical is-content-justification-center is-layout-flex wp-container-core-buttons-layout-3 wp-block-buttons-is-layout-flex\" style=\"margin-top:0;margin-bottom:var(--wp--preset--spacing--medium)\">\n<div class=\"wp-block-button is-style-outline\"><a class=\"wp-block-button__link wp-element-button\" href=\"https:\/\/unizar.digher.es\/artieda\/el-forau-de-la-tuta\/wp-content\/uploads\/2024\/02\/Artieda_1-AR.png\" target=\"_blank\" rel=\"noreferrer noopener\">INIZIO D&#8217;AS INVESTIGAZIONS<\/a><\/div>\n\n\n\n<div class=\"wp-block-button is-style-outline\"><a class=\"wp-block-button__link wp-element-button\" href=\"https:\/\/unizar.digher.es\/artieda\/el-forau-de-la-tuta\/wp-content\/uploads\/2024\/02\/Artieda_2-AR.png\" target=\"_blank\" rel=\"noreferrer noopener\">L&#8217;APPLICACI\u00d3N D&#8217;AS CIENCIAS CHEOMATICAS A LO SERVICIO D&#8217;A INVESTIGACI\u00d3N ARQUEOLOCHICA<\/a><\/div>\n\n\n\n<div class=\"wp-block-button is-style-outline\"><a class=\"wp-block-button__link wp-element-button\" href=\"https:\/\/unizar.digher.es\/artieda\/el-forau-de-la-tuta\/wp-content\/uploads\/2024\/02\/Artieda_3-AR.png\" target=\"_blank\" rel=\"noreferrer noopener\">URBANISMO Y ARQUITECTURA MONIMENTAL PUBLICA<\/a><\/div>\n\n\n\n<div class=\"wp-block-button is-style-outline\"><a class=\"wp-block-button__link wp-element-button\" href=\"https:\/\/unizar.digher.es\/artieda\/el-forau-de-la-tuta\/wp-content\/uploads\/2024\/02\/Artieda_4-AR.png\" target=\"_blank\" rel=\"noreferrer noopener\">VIDA CUTIANA<\/a><\/div>\n\n\n\n<div class=\"wp-block-button is-style-outline\"><a class=\"wp-block-button__link wp-element-button\" href=\"https:\/\/unizar.digher.es\/artieda\/el-forau-de-la-tuta\/wp-content\/uploads\/2024\/02\/Artieda_5-AR.png\" target=\"_blank\" rel=\"noreferrer noopener\">ESCRITURA<\/a><\/div>\n\n\n\n<div class=\"wp-block-button is-style-outline\"><a class=\"wp-block-button__link wp-element-button\" href=\"https:\/\/unizar.digher.es\/artieda\/el-forau-de-la-tuta\/wp-content\/uploads\/2024\/02\/Artieda_6-AR.png\" target=\"_blank\" rel=\"noreferrer noopener\">ESCULTURA MONUMENTAL EN M\u00c1RMOL<\/a><\/div>\n<\/div>\n<\/div>\n<\/div>\n\n\n\n<div class=\"wp-block-group alignfull has-global-padding is-layout-constrained wp-block-group-is-layout-constrained\" style=\"margin-top:var(--wp--preset--spacing--small);margin-bottom:0;padding-top:0;padding-right:0;padding-bottom:0;padding-left:0\">\n<figure class=\"wp-block-image alignfull size-large imgPie\"><img loading=\"lazy\" decoding=\"async\" width=\"1024\" height=\"240\" src=\"https:\/\/unizar.digher.es\/artieda\/el-forau-de-la-tuta\/wp-content\/uploads\/2024\/02\/generica2-1024x240.jpg\" alt=\"\" class=\"wp-image-483\" srcset=\"https:\/\/unizar.digher.es\/artieda\/el-forau-de-la-tuta\/wp-content\/uploads\/2024\/02\/generica2-1024x240.jpg 1024w, https:\/\/unizar.digher.es\/artieda\/el-forau-de-la-tuta\/wp-content\/uploads\/2024\/02\/generica2-300x70.jpg 300w, https:\/\/unizar.digher.es\/artieda\/el-forau-de-la-tuta\/wp-content\/uploads\/2024\/02\/generica2.jpg 1920w\" sizes=\"(max-width: 1024px) 100vw, 1024px\" \/><\/figure>\n<\/div>\n","protected":false},"excerpt":{"rendered":"<p>ENGLISH FRAN\u00c7AIS ARAGON\u00c9S<\/p>\n","protected":false},"author":1,"featured_media":482,"parent":0,"menu_order":0,"comment_status":"closed","ping_status":"closed","template":"","meta":{"footnotes":""},"_links":{"self":[{"href":"https:\/\/unizar.digher.es\/artieda\/el-forau-de-la-tuta\/wp-json\/wp\/v2\/pages\/352"}],"collection":[{"href":"https:\/\/unizar.digher.es\/artieda\/el-forau-de-la-tuta\/wp-json\/wp\/v2\/pages"}],"about":[{"href":"https:\/\/unizar.digher.es\/artieda\/el-forau-de-la-tuta\/wp-json\/wp\/v2\/types\/page"}],"author":[{"embeddable":true,"href":"https:\/\/unizar.digher.es\/artieda\/el-forau-de-la-tuta\/wp-json\/wp\/v2\/users\/1"}],"replies":[{"embeddable":true,"href":"https:\/\/unizar.digher.es\/artieda\/el-forau-de-la-tuta\/wp-json\/wp\/v2\/comments?post=352"}],"version-history":[{"count":16,"href":"https:\/\/unizar.digher.es\/artieda\/el-forau-de-la-tuta\/wp-json\/wp\/v2\/pages\/352\/revisions"}],"predecessor-version":[{"id":491,"href":"https:\/\/unizar.digher.es\/artieda\/el-forau-de-la-tuta\/wp-json\/wp\/v2\/pages\/352\/revisions\/491"}],"wp:featuredmedia":[{"embeddable":true,"href":"https:\/\/unizar.digher.es\/artieda\/el-forau-de-la-tuta\/wp-json\/wp\/v2\/media\/482"}],"wp:attachment":[{"href":"https:\/\/unizar.digher.es\/artieda\/el-forau-de-la-tuta\/wp-json\/wp\/v2\/media?parent=352"}],"curies":[{"name":"wp","href":"https:\/\/api.w.org\/{rel}","templated":true}]}}