{"id":362,"date":"2024-02-20T18:13:30","date_gmt":"2024-02-20T17:13:30","guid":{"rendered":"http:\/\/desarrollo.abaco-digital.com\/artieda\/?page_id=362"},"modified":"2024-06-04T19:30:11","modified_gmt":"2024-06-04T17:30:11","slug":"informacion-sobre-visitas","status":"publish","type":"page","link":"https:\/\/unizar.digher.es\/artieda\/el-forau-de-la-tuta\/informacion-sobre-visitas\/","title":{"rendered":"Informaci\u00f3n sobre visitas"},"content":{"rendered":"\n<h2 class=\"wp-block-heading\"><strong>Torre-museo romano de Artieda<\/strong><\/h2>\n\n\n\n<figure class=\"wp-block-pullquote resumenVisitas\"><blockquote><p>Ven a visitar la torre-museo y descubrir la historia de la ciudad romana de Artieda. Podr\u00e1s ver piezas originales y una reproducci\u00f3n a escala real de un mosaico romano. La actividad es accesible en LSE para personas sordas.<\/p><\/blockquote><\/figure>\n\n\n\n<p>Cualquier persona que venga a Artieda puede visitar por libre la torre-museo para conocer los hallazgos en la excavaci\u00f3n arqueol\u00f3gica local del \u201cForau de la Tuta\u201d, gracias a los paneles explicativos con textos en castellano, ingl\u00e9s, franc\u00e9s, aragon\u00e9s y LSE.<\/p>\n\n\n\n<p>Adem\u00e1s, existe la posibilidad de participar en una visita guiada, realizada por personas voluntarias de la asociaci\u00f3n, que consiste en entender el contexto hist\u00f3rico y geogr\u00e1fico de la ciudad romana de Artieda, declarada BIC en 2023.<\/p>\n\n\n\n<p>Se explicar\u00e1n los m\u00e9todos arqueol\u00f3gicos empleados hoy en d\u00eda, se contar\u00e1 la historia de los descubrimientos en 1963, se podr\u00e1n ver las piezas romanas originales y la reproducci\u00f3n a tama\u00f1o real del mosaico bicromo del siglo I-II DC. La visita termina subiendo al campanario de la torre que nos ofrece unas sugestivas vistas sobre la canal de Berd\u00fan. La duraci\u00f3n de la visita guiada es de aproximadamente 1 hora.<\/p>\n\n\n\n<ul>\n<li><strong><em>Precio<\/em><\/strong>: 2\u20ac por persona, gratuito para los menores de 7 a\u00f1os. Aforo limitado a 13 personas. Se paga en efectivo al llegar.<\/li>\n\n\n\n<li><strong><em>Cu\u00e1ndo<\/em><\/strong>: Las visitas guiadas se ofertar\u00e1n bajo reserva los \u00faltimos fines de semana de cada mes. Tambi\u00e9n coincidiendo con varios eventos culturales que se celebran anualmente: las Jornadas Romanas de Artieda en el mes de Mayo (11 de mayo de 2024), las Jornadas de Puertas abiertas de la excavaci\u00f3n el \u00faltimo s\u00e1bado del mes de julio (27 de julio de 2024) y las Jornadas Europeas de Patrimonio el 23 de septiembre. Fuera de estas fechas, las visitas depender\u00e1n de la disponibilidad de los voluntarios de la asociaci\u00f3n, ya que tambi\u00e9n la torre museo se puede visitar por libre, siendo necesario igualmente reservar con antelaci\u00f3n a trav\u00e9s del correo electr\u00f3nico.<\/li>\n\n\n\n<li><strong><em>Para qui\u00e9n<\/em><\/strong>: Aforo limitado a 13 personas. La torre no es accesible para personas con limitaciones de movilidad, ya que cuenta con una estrecha escalera de caracol con m\u00e1s de 60 escalones. Las familias con ni\u00f1os de cualquier edad son bienvenidas. Textos explicativos accesibles en castellano, ingl\u00e9s, franc\u00e9s, aragon\u00e9s y LSE.<\/li>\n\n\n\n<li><strong><em>Reserva<\/em><\/strong>: Reservas (tanto para visitas guiadas como para visitas por libre) con una semana de antelaci\u00f3n, a trav\u00e9s del correo electr\u00f3nico de <a href=\"mailto:artiedaromana@gmail.com\">artiedaromana@gmail.com<\/a>&nbsp;<\/li>\n<\/ul>\n\n\n\n<p><strong>Informaci\u00f3n complementaria<\/strong><\/p>\n\n\n\n<ul>\n<li><strong><em>Cancelaciones<\/em><\/strong>: A trav\u00e9s del email <a href=\"mailto:artiedaromana@gmail.com\">artiedaromana@gmail.com<\/a><em> <\/em>con 48h de antelaci\u00f3n.<\/li>\n\n\n\n<li><strong><em>Indicaciones sobre el lugar<\/em><\/strong>:&nbsp;<br>La Torre-Museo se sit\u00faa en el casco urbano de Artieda. Es parte del edificio de la iglesia del pueblo.&nbsp;<br>En la entrada del pueblo hay un parking p\u00fablico gratuito.&nbsp;<\/li>\n\n\n\n<li><strong><em>Limitaciones<\/em><\/strong>:&nbsp;<br>La torre no es accesible a personas con limitaciones de movilidad debido a que el acceso a las salas es a trav\u00e9s de una escalera de caracol.&nbsp;<br>La visita s\u00ed es accesible a personas sordas a trav\u00e9s de un recorrido virtual en Lengua de Signos Espa\u00f1ola. Los textos informativos est\u00e1n traducidos al aragon\u00e9s, franc\u00e9s e ingl\u00e9s.<\/li>\n\n\n\n<li><strong><em>D\u00f3nde dormir y actividades complementarias<\/em><\/strong>: Es posible pernoctar y comer en el Albergue de Artieda o en el Camping, enviando un correo a <a href=\"mailto:info@alberguedeartieda.com\">info@alberguedeartieda.com<\/a><br>En el pueblo, el proyecto <em>Caminando amonico<\/em> ofrece actividades de educaci\u00f3n ambiental (Tel\u00e9fono de contacto: 660221671)<\/li>\n<\/ul>\n\n\n\n<div style=\"height:var(--wp--preset--spacing--medium)\" aria-hidden=\"true\" class=\"wp-block-spacer\"><\/div>\n\n\n\n<div class=\"wp-block-group alignfull has-global-padding is-layout-constrained wp-block-group-is-layout-constrained\" style=\"margin-top:var(--wp--preset--spacing--small);margin-bottom:0;padding-top:0;padding-right:0;padding-bottom:0;padding-left:0\">\n<figure class=\"wp-block-image alignfull size-large imgPie\"><img loading=\"lazy\" decoding=\"async\" width=\"1024\" height=\"240\" src=\"https:\/\/unizar.digher.es\/artieda\/el-forau-de-la-tuta\/wp-content\/uploads\/2024\/02\/generica2-1024x240.jpg\" alt=\"\" class=\"wp-image-483\" srcset=\"https:\/\/unizar.digher.es\/artieda\/el-forau-de-la-tuta\/wp-content\/uploads\/2024\/02\/generica2-1024x240.jpg 1024w, https:\/\/unizar.digher.es\/artieda\/el-forau-de-la-tuta\/wp-content\/uploads\/2024\/02\/generica2-300x70.jpg 300w, https:\/\/unizar.digher.es\/artieda\/el-forau-de-la-tuta\/wp-content\/uploads\/2024\/02\/generica2.jpg 1920w\" sizes=\"(max-width: 1024px) 100vw, 1024px\" \/><\/figure>\n<\/div>\n","protected":false},"excerpt":{"rendered":"<p>Torre-museo romano de Artieda Ven a visitar la torre-museo y descubrir la historia de la ciudad romana de Artieda. Podr\u00e1s ver piezas originales y una reproducci\u00f3n a escala real de un mosaico romano. La actividad es accesible en LSE para personas sordas. Cualquier persona que venga a Artieda puede visitar por libre la torre-museo para &hellip; <\/p>\n<p class=\"link-more\"><a href=\"https:\/\/unizar.digher.es\/artieda\/el-forau-de-la-tuta\/informacion-sobre-visitas\/\" class=\"more-link\">Leer m\u00e1s<span class=\"screen-reader-text\"> \u00abInformaci\u00f3n sobre visitas\u00bb<\/span><\/a><\/p>\n","protected":false},"author":1,"featured_media":482,"parent":0,"menu_order":0,"comment_status":"closed","ping_status":"closed","template":"","meta":{"footnotes":""},"_links":{"self":[{"href":"https:\/\/unizar.digher.es\/artieda\/el-forau-de-la-tuta\/wp-json\/wp\/v2\/pages\/362"}],"collection":[{"href":"https:\/\/unizar.digher.es\/artieda\/el-forau-de-la-tuta\/wp-json\/wp\/v2\/pages"}],"about":[{"href":"https:\/\/unizar.digher.es\/artieda\/el-forau-de-la-tuta\/wp-json\/wp\/v2\/types\/page"}],"author":[{"embeddable":true,"href":"https:\/\/unizar.digher.es\/artieda\/el-forau-de-la-tuta\/wp-json\/wp\/v2\/users\/1"}],"replies":[{"embeddable":true,"href":"https:\/\/unizar.digher.es\/artieda\/el-forau-de-la-tuta\/wp-json\/wp\/v2\/comments?post=362"}],"version-history":[{"count":10,"href":"https:\/\/unizar.digher.es\/artieda\/el-forau-de-la-tuta\/wp-json\/wp\/v2\/pages\/362\/revisions"}],"predecessor-version":[{"id":537,"href":"https:\/\/unizar.digher.es\/artieda\/el-forau-de-la-tuta\/wp-json\/wp\/v2\/pages\/362\/revisions\/537"}],"wp:featuredmedia":[{"embeddable":true,"href":"https:\/\/unizar.digher.es\/artieda\/el-forau-de-la-tuta\/wp-json\/wp\/v2\/media\/482"}],"wp:attachment":[{"href":"https:\/\/unizar.digher.es\/artieda\/el-forau-de-la-tuta\/wp-json\/wp\/v2\/media?parent=362"}],"curies":[{"name":"wp","href":"https:\/\/api.w.org\/{rel}","templated":true}]}}