{"id":39,"date":"2024-02-14T10:45:59","date_gmt":"2024-02-14T09:45:59","guid":{"rendered":"http:\/\/desarrollo.abaco-digital.com\/artieda\/?page_id=39"},"modified":"2025-08-27T14:02:16","modified_gmt":"2025-08-27T12:02:16","slug":"inicio","status":"publish","type":"page","link":"https:\/\/unizar.digher.es\/artieda\/el-forau-de-la-tuta\/","title":{"rendered":"INICIO"},"content":{"rendered":"\n<div class=\"wp-block-cover is-light has-custom-content-position is-position-bottom-center containFotoInicio\" style=\"min-height:100vh\"><span aria-hidden=\"true\" class=\"wp-block-cover__background has-white-background-color has-background-dim-0 has-background-dim\"><\/span><video class=\"wp-block-cover__video-background intrinsic-ignore\" autoplay muted loop playsinline src=\"https:\/\/unizar.digher.es\/artieda\/el-forau-de-la-tuta\/wp-content\/uploads\/2024\/02\/animacion.mp4\" data-object-fit=\"cover\"><\/video><div class=\"wp-block-cover__inner-container is-layout-flow wp-block-cover-is-layout-flow\">\n<p class=\"has-text-align-center fontLora shadowBlack has-text-color\" style=\"color:#e9e5da;font-size:clamp(37.821px, 2.364rem + ((1vw - 3.2px) * 3.352), 70px);font-style:normal;font-weight:400;line-height:1\">EL FORAU DE LA TUTA<\/p>\n\n\n\n<p class=\"has-text-align-center fontLora shadowWhite has-foreground-color has-text-color\" style=\"font-size:clamp(21.027px, 1.314rem + ((1vw - 3.2px) * 1.351), 34px);letter-spacing:1px\">YACIMIENTO ARQUEOL\u00d3GICO DE ARTIEDA<\/p>\n<\/div><\/div>\n\n\n\n<div class=\"wp-block-group has-background has-global-padding is-layout-constrained wp-block-group-is-layout-constrained\" style=\"background-color:#e9e5da;padding-right:0;padding-left:0\">\n<h2 class=\"wp-block-heading has-text-align-center\">Bienvenidos a El Forau de la Tuta, Artieda<\/h2>\n\n\n\n<p class=\"has-text-align-center\">A poco m\u00e1s de 1 Km del n\u00facleo urbano de Artieda, se encuentra un yacimiento arqueol\u00f3gico extraordinario, un asentamiento de principio de nuestra era, que contaba con las principales infraestructuras del urbanismo romano: termas, urbanismo planificado, cloacas, posiblemente un templo. El hallazgo m\u00e1s importante del yacimiento es un espectacular mosaico, procedente de las termas y que se conserva casi intacto.<\/p>\n\n\n\n<div class=\"wp-block-cover alignfull is-light has-custom-content-position is-position-bottom-center fondoPez\" style=\"padding-top:150px;padding-right:0;padding-bottom:var(--wp--preset--spacing--small);padding-left:0;min-height:200px\"><span aria-hidden=\"true\" class=\"wp-block-cover__background has-background-dim-0 has-background-dim\"><\/span><img loading=\"lazy\" decoding=\"async\" width=\"1920\" height=\"470\" class=\"wp-block-cover__image-background wp-image-88\" alt=\"\" src=\"https:\/\/unizar.digher.es\/artieda\/el-forau-de-la-tuta\/wp-content\/uploads\/2024\/02\/pez.jpg\" data-object-fit=\"cover\" srcset=\"https:\/\/unizar.digher.es\/artieda\/el-forau-de-la-tuta\/wp-content\/uploads\/2024\/02\/pez.jpg 1920w, https:\/\/unizar.digher.es\/artieda\/el-forau-de-la-tuta\/wp-content\/uploads\/2024\/02\/pez-300x73.jpg 300w, https:\/\/unizar.digher.es\/artieda\/el-forau-de-la-tuta\/wp-content\/uploads\/2024\/02\/pez-1024x251.jpg 1024w\" sizes=\"(max-width: 1920px) 100vw, 1920px\" \/><div class=\"wp-block-cover__inner-container has-global-padding is-layout-constrained wp-block-cover-is-layout-constrained\">\n<div class=\"wp-block-columns are-vertically-aligned-bottom is-layout-flex wp-container-core-columns-layout-1 wp-block-columns-is-layout-flex\" style=\"margin-top:80px\">\n<div class=\"wp-block-column is-vertically-aligned-bottom is-layout-flow wp-block-column-is-layout-flow\" style=\"flex-basis:33.34%\">\n<figure class=\"wp-block-image aligncenter size-full is-resized\"><img loading=\"lazy\" decoding=\"async\" width=\"299\" height=\"186\" src=\"https:\/\/unizar.digher.es\/artieda\/el-forau-de-la-tuta\/wp-content\/uploads\/2024\/02\/Vida-cotidiana.png\" alt=\"\" class=\"wp-image-89\" style=\"width:220px\"\/><\/figure>\n\n\n\n<div class=\"wp-block-group has-global-padding is-layout-constrained wp-container-core-group-layout-1 wp-block-group-is-layout-constrained\" style=\"margin-bottom:var(--wp--preset--spacing--x-small)\">\n<p class=\"has-text-align-center has-medium-font-size\">C\u00f3mo era la vida cotidiana<\/p>\n\n\n\n<p class=\"has-text-align-center has-small-font-size\">en El Forau de la Tuta<\/p>\n<\/div>\n\n\n\n<p>A trav\u00e9s de los restos arqueol\u00f3gicos encontrados en el yacimiento tenemos una ventana para ver c\u00f3mo viv\u00edan los habitantes de una peque\u00f1a ciudad romana de principio de nuestra era.<\/p>\n\n\n\n<div class=\"wp-block-buttons is-content-justification-right is-layout-flex wp-container-core-buttons-layout-1 wp-block-buttons-is-layout-flex\">\n<div class=\"wp-block-button has-custom-font-size has-max-48-font-size\" style=\"font-style:normal;font-weight:100;line-height:0.5\"><a class=\"wp-block-button__link has-text-align-center wp-element-button\" href=\"https:\/\/unizar.digher.es\/artieda\/el-forau-de-la-tuta\/la-vida\/\" style=\"padding-top:10px;padding-right:10px;padding-bottom:10px;padding-left:10px\">+<\/a><\/div>\n<\/div>\n<\/div>\n\n\n\n<div class=\"wp-block-column is-vertically-aligned-bottom is-layout-flow wp-block-column-is-layout-flow\" style=\"flex-basis:33.34%\">\n<figure class=\"wp-block-image aligncenter size-full is-resized\"><img loading=\"lazy\" decoding=\"async\" width=\"277\" height=\"374\" src=\"https:\/\/unizar.digher.es\/artieda\/el-forau-de-la-tuta\/wp-content\/uploads\/2024\/02\/Religion-Escritura.png\" alt=\"\" class=\"wp-image-90\" style=\"width:200px\" srcset=\"https:\/\/unizar.digher.es\/artieda\/el-forau-de-la-tuta\/wp-content\/uploads\/2024\/02\/Religion-Escritura.png 277w, https:\/\/unizar.digher.es\/artieda\/el-forau-de-la-tuta\/wp-content\/uploads\/2024\/02\/Religion-Escritura-222x300.png 222w\" sizes=\"(max-width: 277px) 100vw, 277px\" \/><\/figure>\n\n\n\n<div class=\"wp-block-group has-global-padding is-layout-constrained wp-container-core-group-layout-2 wp-block-group-is-layout-constrained\" style=\"margin-bottom:var(--wp--preset--spacing--x-small)\">\n<p class=\"has-text-align-center has-medium-font-size\">Religi\u00f3n y escritura<\/p>\n\n\n\n<p class=\"has-text-align-center has-small-font-size\">en El Forau de la Tuta<\/p>\n<\/div>\n\n\n\n<p>\u00bfQui\u00e9nes eran? \u00bfEn qu\u00e9 cre\u00edan? Las inscripciones halladas nos dan pistas sobre estas preguntas.<\/p>\n\n\n\n<div class=\"wp-block-buttons is-content-justification-right is-layout-flex wp-container-core-buttons-layout-2 wp-block-buttons-is-layout-flex\">\n<div class=\"wp-block-button has-custom-font-size has-max-48-font-size\" style=\"font-style:normal;font-weight:100;line-height:0.5\"><a class=\"wp-block-button__link has-text-align-center wp-element-button\" href=\"https:\/\/unizar.digher.es\/artieda\/el-forau-de-la-tuta\/la-escritura\/\" style=\"padding-top:10px;padding-right:10px;padding-bottom:10px;padding-left:10px\">+<\/a><\/div>\n<\/div>\n<\/div>\n\n\n\n<div class=\"wp-block-column is-vertically-aligned-bottom is-layout-flow wp-block-column-is-layout-flow\" style=\"flex-basis:33.34%\">\n<figure class=\"wp-block-image aligncenter size-full is-resized\"><img loading=\"lazy\" decoding=\"async\" width=\"251\" height=\"248\" src=\"https:\/\/unizar.digher.es\/artieda\/el-forau-de-la-tuta\/wp-content\/uploads\/2024\/02\/Escultura.png\" alt=\"\" class=\"wp-image-91\" style=\"width:200px\"\/><\/figure>\n\n\n\n<div class=\"wp-block-group has-global-padding is-layout-constrained wp-container-core-group-layout-3 wp-block-group-is-layout-constrained\" style=\"margin-bottom:var(--wp--preset--spacing--x-small)\">\n<p class=\"has-text-align-center has-medium-font-size\">Escultura<\/p>\n\n\n\n<p class=\"has-text-align-center has-small-font-size\">en El Forau de la Tuta<\/p>\n<\/div>\n\n\n\n<p>Los restos hallados nos indican que la ciudad contaba con esculturas monumentales, una prueba m\u00e1s de que gozaba con todas las caracter\u00edsticas del urbanismo romano. <\/p>\n\n\n\n<div class=\"wp-block-buttons is-content-justification-right is-layout-flex wp-container-core-buttons-layout-3 wp-block-buttons-is-layout-flex\">\n<div class=\"wp-block-button has-custom-font-size has-max-48-font-size\" style=\"font-style:normal;font-weight:100;line-height:0.5\"><a class=\"wp-block-button__link has-text-align-center wp-element-button\" href=\"https:\/\/unizar.digher.es\/artieda\/el-forau-de-la-tuta\/la-escultura\/\" style=\"padding-top:10px;padding-right:10px;padding-bottom:10px;padding-left:10px\">+<\/a><\/div>\n<\/div>\n<\/div>\n<\/div>\n<\/div><\/div>\n<\/div>\n\n\n\n<div class=\"wp-block-group has-background has-global-padding is-layout-constrained wp-block-group-is-layout-constrained\" style=\"background-color:#d9b672;margin-top:0;padding-top:0;padding-right:0;padding-bottom:0;padding-left:0\">\n<div class=\"wp-block-cover mosaicoFondo\"><span aria-hidden=\"true\" class=\"wp-block-cover__background has-background-dim\" style=\"background-color:#d9b672\"><\/span><img loading=\"lazy\" decoding=\"async\" width=\"1520\" height=\"513\" class=\"wp-block-cover__image-background wp-image-118\" alt=\"\" src=\"https:\/\/unizar.digher.es\/artieda\/el-forau-de-la-tuta\/wp-content\/uploads\/2024\/02\/mosaico.png\" style=\"object-position:0% 50%\" data-object-fit=\"cover\" data-object-position=\"0% 50%\" srcset=\"https:\/\/unizar.digher.es\/artieda\/el-forau-de-la-tuta\/wp-content\/uploads\/2024\/02\/mosaico.png 1520w, https:\/\/unizar.digher.es\/artieda\/el-forau-de-la-tuta\/wp-content\/uploads\/2024\/02\/mosaico-300x101.png 300w, https:\/\/unizar.digher.es\/artieda\/el-forau-de-la-tuta\/wp-content\/uploads\/2024\/02\/mosaico-1024x346.png 1024w, https:\/\/unizar.digher.es\/artieda\/el-forau-de-la-tuta\/wp-content\/uploads\/2024\/02\/mosaico-950x320.png 950w\" sizes=\"(max-width: 1520px) 100vw, 1520px\" \/><div class=\"wp-block-cover__inner-container has-global-padding is-layout-constrained wp-block-cover-is-layout-constrained\">\n<div class=\"wp-block-columns is-layout-flex wp-container-core-columns-layout-2 wp-block-columns-is-layout-flex\">\n<div class=\"wp-block-column is-layout-flow wp-block-column-is-layout-flow\" style=\"flex-basis:50%\">\n<div class=\"wp-block-group has-global-padding is-layout-constrained wp-container-core-group-layout-5 wp-block-group-is-layout-constrained\" style=\"margin-bottom:var(--wp--preset--spacing--x-small)\">\n<p class=\"has-medium-font-size\" style=\"line-height:1.2\">Urbanismo y<br>arquitectura monumental p\u00fablica<\/p>\n\n\n\n<p>en El Forau de la Tuta<\/p>\n<\/div>\n\n\n\n<p>Aunque todav\u00eda queda mucho por excavar, ya podemos entrever el entramado urbano, con edificios p\u00fablicos, potentes cimentaciones, viales&#8230; <\/p>\n\n\n\n<p><\/p>\n\n\n\n<div class=\"wp-block-buttons is-content-justification-left is-layout-flex wp-container-core-buttons-layout-4 wp-block-buttons-is-layout-flex\">\n<div class=\"wp-block-button has-custom-font-size has-max-48-font-size\" style=\"font-style:normal;font-weight:100;line-height:0.5\"><a class=\"wp-block-button__link has-text-align-center wp-element-button\" href=\"https:\/\/unizar.digher.es\/artieda\/el-forau-de-la-tuta\/urbanismo\/\" style=\"padding-top:10px;padding-right:10px;padding-bottom:10px;padding-left:10px\">+<\/a><\/div>\n<\/div>\n<\/div>\n\n\n\n<div class=\"wp-block-column is-layout-flow wp-block-column-is-layout-flow\" style=\"flex-basis:50%\"><\/div>\n<\/div>\n<\/div><\/div>\n<\/div>\n\n\n\n<div class=\"wp-block-group has-global-padding is-layout-constrained wp-block-group-is-layout-constrained\" style=\"padding-top:var(--wp--preset--spacing--small)\">\n<h2 class=\"wp-block-heading has-text-align-right\">Sab\u00edas que&#8230;<\/h2>\n\n\n\n<p class=\"has-text-align-right\">en el Forau de la Tuta cada a\u00f1o cuando acabamos la excavaci\u00f3n tenemos un gran puzle de nuevas piezas que tenemos que<br>procesar y estudiar durante todo el a\u00f1o para unirlas \u2013virtualmente\u2013 con las piezas de a\u00f1os anteriores y continuar con la investigaci\u00f3n del yacimiento.<br>Aunque faltan muchas piezas es muy importante que posicionemos y almacenemos correctamente la informaci\u00f3n para garantizar el estudio del yacimientos a las pr\u00f3ximas generaciones de investigadores.<\/p>\n\n\n\n<div class=\"wp-block-buttons is-horizontal is-content-justification-right is-layout-flex wp-container-core-buttons-layout-5 wp-block-buttons-is-layout-flex\" style=\"margin-top:0;margin-bottom:0\">\n<div class=\"wp-block-button is-style-fill\"><a class=\"wp-block-button__link has-background wp-element-button\" href=\"https:\/\/unizar.digher.es\/artieda\/el-forau-de-la-tuta\/inicio-de-las-investigaciones\/\" style=\"background-color:#d9b672\">Las investigaciones<\/a><\/div>\n<\/div>\n<\/div>\n\n\n\n<div class=\"wp-block-cover is-light anclaOffset\" style=\"margin-top:var(--wp--preset--spacing--small)\" id=\"anclaMuseo\"><span aria-hidden=\"true\" class=\"wp-block-cover__background has-background-dim-0 has-background-dim\"><\/span><img loading=\"lazy\" decoding=\"async\" width=\"2169\" height=\"495\" class=\"wp-block-cover__image-background wp-image-125\" alt=\"\" src=\"https:\/\/unizar.digher.es\/artieda\/el-forau-de-la-tuta\/wp-content\/uploads\/2024\/02\/museo_franja.jpg\" data-object-fit=\"cover\" srcset=\"https:\/\/unizar.digher.es\/artieda\/el-forau-de-la-tuta\/wp-content\/uploads\/2024\/02\/museo_franja.jpg 2169w, https:\/\/unizar.digher.es\/artieda\/el-forau-de-la-tuta\/wp-content\/uploads\/2024\/02\/museo_franja-300x68.jpg 300w, https:\/\/unizar.digher.es\/artieda\/el-forau-de-la-tuta\/wp-content\/uploads\/2024\/02\/museo_franja-1024x234.jpg 1024w, https:\/\/unizar.digher.es\/artieda\/el-forau-de-la-tuta\/wp-content\/uploads\/2024\/02\/museo_franja-2000x456.jpg 2000w\" sizes=\"(max-width: 2169px) 100vw, 2169px\" \/><div class=\"wp-block-cover__inner-container has-global-padding is-layout-constrained wp-block-cover-is-layout-constrained\">\n<div class=\"wp-block-columns is-layout-flex wp-container-core-columns-layout-3 wp-block-columns-is-layout-flex\">\n<div class=\"wp-block-column is-layout-flow wp-block-column-is-layout-flow\" style=\"flex-basis:10%\"><\/div>\n\n\n\n<div class=\"wp-block-column is-layout-flow wp-block-column-is-layout-flow\" style=\"flex-basis:250px\">\n<div class=\"wp-block-group cintaVisita has-global-padding is-layout-constrained wp-block-group-is-layout-constrained\">\n<h2 class=\"wp-block-heading has-text-align-center\">Visita el<br>Museo de la Torre<\/h2>\n\n\n\n<p class=\"has-text-align-center\"><\/p>\n\n\n\n<div class=\"wp-block-buttons is-content-justification-center is-layout-flex wp-container-core-buttons-layout-6 wp-block-buttons-is-layout-flex\">\n<div class=\"wp-block-button\"><a class=\"wp-block-button__link has-background has-text-align-center wp-element-button\" style=\"background-color:#d9b672\">M\u00e1s informaci\u00f3n<\/a><\/div>\n<\/div>\n<\/div>\n<\/div>\n\n\n\n<div class=\"wp-block-column is-layout-flow wp-block-column-is-layout-flow\" style=\"flex-basis:80%\"><\/div>\n<\/div>\n<\/div><\/div>\n\n\n\n<div class=\"wp-block-group has-global-padding is-layout-constrained wp-block-group-is-layout-constrained\" style=\"margin-top:0;margin-bottom:0;padding-top:var(--wp--preset--spacing--small);padding-right:0;padding-bottom:0;padding-left:0\">\n<h2 class=\"wp-block-heading has-text-align-right anclaOffset\" id=\"anclaEntorno\" style=\"margin-right:var(--wp--preset--spacing--x-small);margin-left:var(--wp--preset--spacing--x-small)\">Ven a conocernos<\/h2>\n\n\n\n<div class=\"wp-block-columns marginMobile is-layout-flex wp-container-core-columns-layout-4 wp-block-columns-is-layout-flex\" style=\"padding-right:0;padding-left:0\">\n<div class=\"wp-block-column is-layout-flow wp-block-column-is-layout-flow\" style=\"flex-basis:100%\">\n<p class=\"has-text-align-right\">Visita el Forau de la Tuta, la Ermita de San Pedro y el Museo de la Torre de Artieda, Zaragoza<br>Tel\u00e9fono 624 590 737. Email: artiedaromana@gmail.com<\/p>\n<\/div>\n\n\n\n<div class=\"wp-block-column has-global-padding is-layout-constrained wp-block-column-is-layout-constrained\" style=\"flex-basis:200px\">\n<div class=\"wp-block-buttons is-horizontal is-content-justification-right is-nowrap is-layout-flex wp-container-core-buttons-layout-7 wp-block-buttons-is-layout-flex\">\n<div class=\"wp-block-button\"><a class=\"wp-block-button__link has-background wp-element-button\" href=\"https:\/\/www.google.com\/maps?ll=42.607018,-1.008344&amp;z=12&amp;t=m&amp;hl=es&amp;gl=ES&amp;mapclient=embed&amp;q=42%C2%B036%2702.9%22N+0%C2%B059%2751.3%22W+42.600806,+-0.997583@42.6008056,-0.9975833\" style=\"background-color:#d9b672\" target=\"_blank\" rel=\"noreferrer noopener\">Ampliar mapa<\/a><\/div>\n<\/div>\n<\/div>\n\n\n\n<div class=\"wp-block-column is-layout-flow wp-block-column-is-layout-flow\"><\/div>\n<\/div>\n\n\n\n<!-- <iframe src=\"https:\/\/www.google.com\/maps\/embed?pb=!1m17!1m12!1m3!1d66446.45007594813!2d-0.8036322686904149!3d42.60737579074589!2m3!1f0!2f0!3f0!3m2!1i1024!2i768!4f13.1!3m2!1m1!2zNDLCsDM2JzAyLjkiTiAwwrA1OSc1MS4zIlc!5e0!3m2!1ses!2ses!4v1707914270024!5m2!1ses!2ses\" width=\"100%\" height=\"450\" style=\"border:0;\" allowfullscreen=\"\" loading=\"lazy\" referrerpolicy=\"no-referrer-when-downgrade\"><\/iframe> -->\n\n<div id=\"iframeGap\" style=\"max-width: none; background: black;\">\n<iframe src=\"https:\/\/www.google.com\/maps\/embed?pb=!1m17!1m12!1m3!1d66446.83126146998!2d-1.0083435888026067!3d42.6070184335646!2m3!1f0!2f0!3f0!3m2!1i1024!2i768!4f13.1!3m2!1m1!2zNDLCsDM2JzAyLjkiTiAwwrA1OSc1MS4zIlc!5e0!3m2!1ses!2ses!4v1707914336145!5m2!1ses!2ses\" width=\"100%\" height=\"450\" style=\"border:0; margin: 0;\" allowfullscreen=\"\" loading=\"lazy\" referrerpolicy=\"no-referrer-when-downgrade\"><\/iframe>\n<\/div>\n<\/div>\n","protected":false},"excerpt":{"rendered":"<p>Bienvenidos a El Forau de la Tuta, Artieda A poco m\u00e1s de 1 Km del n\u00facleo urbano de Artieda, se encuentra un yacimiento arqueol\u00f3gico extraordinario, un asentamiento de principio de nuestra era, que contaba con las principales infraestructuras del urbanismo romano: termas, urbanismo planificado, cloacas, posiblemente un templo. El hallazgo m\u00e1s importante del yacimiento es &hellip; <\/p>\n<p class=\"link-more\"><a href=\"https:\/\/unizar.digher.es\/artieda\/el-forau-de-la-tuta\/\" class=\"more-link\">Leer m\u00e1s<span class=\"screen-reader-text\"> \u00abINICIO\u00bb<\/span><\/a><\/p>\n","protected":false},"author":1,"featured_media":0,"parent":0,"menu_order":0,"comment_status":"closed","ping_status":"closed","template":"page-templates\/homepage-no-hero.php","meta":{"footnotes":""},"_links":{"self":[{"href":"https:\/\/unizar.digher.es\/artieda\/el-forau-de-la-tuta\/wp-json\/wp\/v2\/pages\/39"}],"collection":[{"href":"https:\/\/unizar.digher.es\/artieda\/el-forau-de-la-tuta\/wp-json\/wp\/v2\/pages"}],"about":[{"href":"https:\/\/unizar.digher.es\/artieda\/el-forau-de-la-tuta\/wp-json\/wp\/v2\/types\/page"}],"author":[{"embeddable":true,"href":"https:\/\/unizar.digher.es\/artieda\/el-forau-de-la-tuta\/wp-json\/wp\/v2\/users\/1"}],"replies":[{"embeddable":true,"href":"https:\/\/unizar.digher.es\/artieda\/el-forau-de-la-tuta\/wp-json\/wp\/v2\/comments?post=39"}],"version-history":[{"count":143,"href":"https:\/\/unizar.digher.es\/artieda\/el-forau-de-la-tuta\/wp-json\/wp\/v2\/pages\/39\/revisions"}],"predecessor-version":[{"id":555,"href":"https:\/\/unizar.digher.es\/artieda\/el-forau-de-la-tuta\/wp-json\/wp\/v2\/pages\/39\/revisions\/555"}],"wp:attachment":[{"href":"https:\/\/unizar.digher.es\/artieda\/el-forau-de-la-tuta\/wp-json\/wp\/v2\/media?parent=39"}],"curies":[{"name":"wp","href":"https:\/\/api.w.org\/{rel}","templated":true}]}}